{"id":3393,"date":"2025-05-28T06:43:27","date_gmt":"2025-05-28T06:43:27","guid":{"rendered":"http:\/\/vimsa.solutions\/wordpress\/?page_id=3393"},"modified":"2025-06-30T04:59:51","modified_gmt":"2025-06-30T04:59:51","slug":"portafolio","status":"publish","type":"page","link":"http:\/\/vimsa.solutions\/wordpress\/portafolio\/","title":{"rendered":"Portafolio"},"content":{"rendered":"\t\t<div data-elementor-type=\"wp-page\" data-elementor-id=\"3393\" class=\"elementor elementor-3393\" data-elementor-post-type=\"page\">\n\t\t\t\t<div class=\"elementor-element elementor-element-5c9c3144 e-con-full e-flex e-con e-parent\" data-id=\"5c9c3144\" data-element_type=\"container\" data-settings=\"{&quot;background_background&quot;:&quot;classic&quot;}\">\n\t\t<div class=\"elementor-element elementor-element-938b8d2 e-con-full e-flex e-con e-child\" data-id=\"938b8d2\" data-element_type=\"container\">\n\t\t\t\t<\/div>\n\t\t\t\t<\/div>\n\t\t<div class=\"elementor-element elementor-element-14e691c e-flex e-con-boxed e-con e-parent\" data-id=\"14e691c\" data-element_type=\"container\">\n\t\t\t\t\t<div class=\"e-con-inner\">\n\t\t<div class=\"elementor-element elementor-element-492fc49 e-con-full e-flex e-con e-child\" data-id=\"492fc49\" data-element_type=\"container\">\n\t\t\t\t<div class=\"elementor-element elementor-element-57264d23 elementor-widget elementor-widget-heading\" data-id=\"57264d23\" data-element_type=\"widget\" data-widget_type=\"heading.default\">\n\t\t\t\t<div class=\"elementor-widget-container\">\n\t\t\t\t\t<h2 class=\"elementor-heading-title elementor-size-default\">NUESTROS CLIENTES<\/h2>\t\t\t\t<\/div>\n\t\t\t\t<\/div>\n\t\t\t\t<div class=\"elementor-element elementor-element-954834e elementor-widget elementor-widget-text-editor\" data-id=\"954834e\" data-element_type=\"widget\" data-widget_type=\"text-editor.default\">\n\t\t\t\t<div class=\"elementor-widget-container\">\n\t\t\t\t\t\t\t\t\t<p dir=\"auto\">Con m\u00e1s de una d\u00e9cada de experiencia, en nuestra empresa transformamos tus ideas en realidades \u00fanicas. Cada proyecto que entregamos refleja nuestro compromiso con la calidad, la creatividad y la satisfacci\u00f3n del cliente, respaldados por un equipo apasionado que cuida cada detalle.<\/p><p dir=\"auto\">Aqu\u00ed algunas de nuestras entregas&#8230;<\/p>\t\t\t\t\t\t\t\t<\/div>\n\t\t\t\t<\/div>\n\t\t\t\t<\/div>\n\t\t\t\t\t<\/div>\n\t\t\t\t<\/div>\n\t\t<div class=\"elementor-element elementor-element-52859cf e-flex e-con-boxed e-con e-parent\" data-id=\"52859cf\" data-element_type=\"container\">\n\t\t\t\t\t<div class=\"e-con-inner\">\n\t\t\t\t<div class=\"elementor-element elementor-element-382c146 elementor-grid-5 elementor-grid-mobile-3 elementor-grid-tablet-2 elementor-widget elementor-widget-portfolio\" data-id=\"382c146\" data-element_type=\"widget\" data-settings=\"{&quot;columns&quot;:&quot;5&quot;,&quot;columns_mobile&quot;:&quot;3&quot;,&quot;item_ratio&quot;:{&quot;unit&quot;:&quot;px&quot;,&quot;size&quot;:1,&quot;sizes&quot;:[]},&quot;columns_tablet&quot;:&quot;2&quot;,&quot;item_gap&quot;:{&quot;unit&quot;:&quot;px&quot;,&quot;size&quot;:&quot;&quot;,&quot;sizes&quot;:[]},&quot;row_gap&quot;:{&quot;unit&quot;:&quot;px&quot;,&quot;size&quot;:&quot;&quot;,&quot;sizes&quot;:[]}}\" data-widget_type=\"portfolio.default\">\n\t\t\t\t<div class=\"elementor-widget-container\">\n\t\t\t\t\t\t\t<div class=\"elementor-portfolio elementor-grid elementor-posts-container\">\n\t\t\t\t<article class=\"elementor-portfolio-item elementor-post  post-4197 post type-post status-publish format-standard has-post-thumbnail hentry category-cliente\">\n\t\t\t<a class=\"elementor-post__thumbnail__link\" href=\"http:\/\/vimsa.solutions\/wordpress\/burger-king\/\">\n\t\t\t\t<div class=\"elementor-portfolio-item__img elementor-post__thumbnail\">\n\t\t\t<img fetchpriority=\"high\" decoding=\"async\" width=\"300\" height=\"300\" src=\"http:\/\/vimsa.solutions\/wordpress\/wp-content\/uploads\/2025\/06\/BK-LOGO-Quad-300x300.webp\" class=\"attachment-medium size-medium wp-image-4198\" alt=\"\" srcset=\"http:\/\/vimsa.solutions\/wordpress\/wp-content\/uploads\/2025\/06\/BK-LOGO-Quad-300x300.webp 300w, http:\/\/vimsa.solutions\/wordpress\/wp-content\/uploads\/2025\/06\/BK-LOGO-Quad-150x150.webp 150w, http:\/\/vimsa.solutions\/wordpress\/wp-content\/uploads\/2025\/06\/BK-LOGO-Quad-768x768.webp 768w, http:\/\/vimsa.solutions\/wordpress\/wp-content\/uploads\/2025\/06\/BK-LOGO-Quad.webp 937w\" sizes=\"(max-width: 300px) 100vw, 300px\" \/>\t\t<\/div>\n\t\t\t\t<div class=\"elementor-portfolio-item__overlay\">\n\t\t\t\t<\/div>\n\t\t\t\t<\/a>\n\t\t<\/article>\n\t\t\t\t<article class=\"elementor-portfolio-item elementor-post  post-4055 post type-post status-publish format-standard has-post-thumbnail hentry category-cliente\">\n\t\t\t<a class=\"elementor-post__thumbnail__link\" href=\"http:\/\/vimsa.solutions\/wordpress\/sonora-grill\/\">\n\t\t\t\t<div class=\"elementor-portfolio-item__img elementor-post__thumbnail\">\n\t\t\t<img decoding=\"async\" width=\"300\" height=\"300\" src=\"http:\/\/vimsa.solutions\/wordpress\/wp-content\/uploads\/2025\/06\/Logo-SG-quad-300x300.jpg\" class=\"attachment-medium size-medium wp-image-4056\" alt=\"\" srcset=\"http:\/\/vimsa.solutions\/wordpress\/wp-content\/uploads\/2025\/06\/Logo-SG-quad-300x300.jpg 300w, http:\/\/vimsa.solutions\/wordpress\/wp-content\/uploads\/2025\/06\/Logo-SG-quad-150x150.jpg 150w, http:\/\/vimsa.solutions\/wordpress\/wp-content\/uploads\/2025\/06\/Logo-SG-quad.jpg 600w\" sizes=\"(max-width: 300px) 100vw, 300px\" \/>\t\t<\/div>\n\t\t\t\t<div class=\"elementor-portfolio-item__overlay\">\n\t\t\t\t<\/div>\n\t\t\t\t<\/a>\n\t\t<\/article>\n\t\t\t\t<article class=\"elementor-portfolio-item elementor-post  post-4027 post type-post status-publish format-standard has-post-thumbnail hentry category-cliente\">\n\t\t\t<a class=\"elementor-post__thumbnail__link\" href=\"http:\/\/vimsa.solutions\/wordpress\/vips\/\">\n\t\t\t\t<div class=\"elementor-portfolio-item__img elementor-post__thumbnail\">\n\t\t\t<img decoding=\"async\" width=\"300\" height=\"300\" src=\"http:\/\/vimsa.solutions\/wordpress\/wp-content\/uploads\/2025\/06\/Logo-Vips-quad-300x300.jpg\" class=\"attachment-medium size-medium wp-image-4028\" alt=\"\" srcset=\"http:\/\/vimsa.solutions\/wordpress\/wp-content\/uploads\/2025\/06\/Logo-Vips-quad-300x300.jpg 300w, http:\/\/vimsa.solutions\/wordpress\/wp-content\/uploads\/2025\/06\/Logo-Vips-quad-150x150.jpg 150w, http:\/\/vimsa.solutions\/wordpress\/wp-content\/uploads\/2025\/06\/Logo-Vips-quad.jpg 600w\" sizes=\"(max-width: 300px) 100vw, 300px\" \/>\t\t<\/div>\n\t\t\t\t<div class=\"elementor-portfolio-item__overlay\">\n\t\t\t\t<\/div>\n\t\t\t\t<\/a>\n\t\t<\/article>\n\t\t\t\t<article class=\"elementor-portfolio-item elementor-post  post-4014 post type-post status-publish format-standard has-post-thumbnail hentry category-cliente\">\n\t\t\t<a class=\"elementor-post__thumbnail__link\" href=\"http:\/\/vimsa.solutions\/wordpress\/italiannis\/\">\n\t\t\t\t<div class=\"elementor-portfolio-item__img elementor-post__thumbnail\">\n\t\t\t<img loading=\"lazy\" decoding=\"async\" width=\"300\" height=\"300\" src=\"http:\/\/vimsa.solutions\/wordpress\/wp-content\/uploads\/2025\/06\/Logo-italiannis-quad-300x300.jpg\" class=\"attachment-medium size-medium wp-image-4015\" alt=\"\" srcset=\"http:\/\/vimsa.solutions\/wordpress\/wp-content\/uploads\/2025\/06\/Logo-italiannis-quad-300x300.jpg 300w, http:\/\/vimsa.solutions\/wordpress\/wp-content\/uploads\/2025\/06\/Logo-italiannis-quad-150x150.jpg 150w, http:\/\/vimsa.solutions\/wordpress\/wp-content\/uploads\/2025\/06\/Logo-italiannis-quad.jpg 624w\" sizes=\"(max-width: 300px) 100vw, 300px\" \/>\t\t<\/div>\n\t\t\t\t<div class=\"elementor-portfolio-item__overlay\">\n\t\t\t\t<\/div>\n\t\t\t\t<\/a>\n\t\t<\/article>\n\t\t\t\t<article class=\"elementor-portfolio-item elementor-post  post-3945 post type-post status-publish format-standard has-post-thumbnail hentry category-cliente\">\n\t\t\t<a class=\"elementor-post__thumbnail__link\" href=\"http:\/\/vimsa.solutions\/wordpress\/mcc\/\">\n\t\t\t\t<div class=\"elementor-portfolio-item__img elementor-post__thumbnail\">\n\t\t\t<img loading=\"lazy\" decoding=\"async\" width=\"300\" height=\"300\" src=\"http:\/\/vimsa.solutions\/wordpress\/wp-content\/uploads\/2025\/06\/MCC-300x300.jpg\" class=\"attachment-medium size-medium wp-image-4006\" alt=\"\" srcset=\"http:\/\/vimsa.solutions\/wordpress\/wp-content\/uploads\/2025\/06\/MCC-300x300.jpg 300w, http:\/\/vimsa.solutions\/wordpress\/wp-content\/uploads\/2025\/06\/MCC-150x150.jpg 150w, http:\/\/vimsa.solutions\/wordpress\/wp-content\/uploads\/2025\/06\/MCC.jpg 600w\" sizes=\"(max-width: 300px) 100vw, 300px\" \/>\t\t<\/div>\n\t\t\t\t<div class=\"elementor-portfolio-item__overlay\">\n\t\t\t\t<\/div>\n\t\t\t\t<\/a>\n\t\t<\/article>\n\t\t\t\t<article class=\"elementor-portfolio-item elementor-post  post-3906 post type-post status-publish format-standard has-post-thumbnail hentry category-cliente\">\n\t\t\t<a class=\"elementor-post__thumbnail__link\" href=\"http:\/\/vimsa.solutions\/wordpress\/porton\/\">\n\t\t\t\t<div class=\"elementor-portfolio-item__img elementor-post__thumbnail\">\n\t\t\t<img loading=\"lazy\" decoding=\"async\" width=\"300\" height=\"300\" src=\"http:\/\/vimsa.solutions\/wordpress\/wp-content\/uploads\/2025\/06\/351278284_822251658833575_5382936287846369508_n-300x300.jpg\" class=\"attachment-medium size-medium wp-image-3909\" alt=\"\" srcset=\"http:\/\/vimsa.solutions\/wordpress\/wp-content\/uploads\/2025\/06\/351278284_822251658833575_5382936287846369508_n-300x300.jpg 300w, http:\/\/vimsa.solutions\/wordpress\/wp-content\/uploads\/2025\/06\/351278284_822251658833575_5382936287846369508_n-1024x1024.jpg 1024w, http:\/\/vimsa.solutions\/wordpress\/wp-content\/uploads\/2025\/06\/351278284_822251658833575_5382936287846369508_n-150x150.jpg 150w, http:\/\/vimsa.solutions\/wordpress\/wp-content\/uploads\/2025\/06\/351278284_822251658833575_5382936287846369508_n-768x768.jpg 768w, http:\/\/vimsa.solutions\/wordpress\/wp-content\/uploads\/2025\/06\/351278284_822251658833575_5382936287846369508_n.jpg 1080w\" sizes=\"(max-width: 300px) 100vw, 300px\" \/>\t\t<\/div>\n\t\t\t\t<div class=\"elementor-portfolio-item__overlay\">\n\t\t\t\t<\/div>\n\t\t\t\t<\/a>\n\t\t<\/article>\n\t\t\t\t<article class=\"elementor-portfolio-item elementor-post  post-3882 post type-post status-publish format-standard has-post-thumbnail hentry category-cliente\">\n\t\t\t<a class=\"elementor-post__thumbnail__link\" href=\"http:\/\/vimsa.solutions\/wordpress\/dominos\/\">\n\t\t\t\t<div class=\"elementor-portfolio-item__img elementor-post__thumbnail\">\n\t\t\t<img loading=\"lazy\" decoding=\"async\" width=\"300\" height=\"300\" src=\"http:\/\/vimsa.solutions\/wordpress\/wp-content\/uploads\/2025\/06\/Logo-Dominos-quad-300x300.jpg\" class=\"attachment-medium size-medium wp-image-3883\" alt=\"\" srcset=\"http:\/\/vimsa.solutions\/wordpress\/wp-content\/uploads\/2025\/06\/Logo-Dominos-quad-300x300.jpg 300w, http:\/\/vimsa.solutions\/wordpress\/wp-content\/uploads\/2025\/06\/Logo-Dominos-quad-150x150.jpg 150w, http:\/\/vimsa.solutions\/wordpress\/wp-content\/uploads\/2025\/06\/Logo-Dominos-quad.jpg 625w\" sizes=\"(max-width: 300px) 100vw, 300px\" \/>\t\t<\/div>\n\t\t\t\t<div class=\"elementor-portfolio-item__overlay\">\n\t\t\t\t<\/div>\n\t\t\t\t<\/a>\n\t\t<\/article>\n\t\t\t\t<article class=\"elementor-portfolio-item elementor-post  post-3858 post type-post status-publish format-standard has-post-thumbnail hentry category-cliente\">\n\t\t\t<a class=\"elementor-post__thumbnail__link\" href=\"http:\/\/vimsa.solutions\/wordpress\/konitos\/\">\n\t\t\t\t<div class=\"elementor-portfolio-item__img elementor-post__thumbnail\">\n\t\t\t<img loading=\"lazy\" decoding=\"async\" width=\"300\" height=\"300\" src=\"http:\/\/vimsa.solutions\/wordpress\/wp-content\/uploads\/2025\/06\/Logo-konitos-quad-300x300.jpg\" class=\"attachment-medium size-medium wp-image-3874\" alt=\"\" srcset=\"http:\/\/vimsa.solutions\/wordpress\/wp-content\/uploads\/2025\/06\/Logo-konitos-quad-300x300.jpg 300w, http:\/\/vimsa.solutions\/wordpress\/wp-content\/uploads\/2025\/06\/Logo-konitos-quad-150x150.jpg 150w, http:\/\/vimsa.solutions\/wordpress\/wp-content\/uploads\/2025\/06\/Logo-konitos-quad.jpg 625w\" sizes=\"(max-width: 300px) 100vw, 300px\" \/>\t\t<\/div>\n\t\t\t\t<div class=\"elementor-portfolio-item__overlay\">\n\t\t\t\t<\/div>\n\t\t\t\t<\/a>\n\t\t<\/article>\n\t\t\t\t<article class=\"elementor-portfolio-item elementor-post  post-3830 post type-post status-publish format-standard has-post-thumbnail hentry category-cliente\">\n\t\t\t<a class=\"elementor-post__thumbnail__link\" href=\"http:\/\/vimsa.solutions\/wordpress\/chilis\/\">\n\t\t\t\t<div class=\"elementor-portfolio-item__img elementor-post__thumbnail\">\n\t\t\t<img loading=\"lazy\" decoding=\"async\" width=\"300\" height=\"300\" src=\"http:\/\/vimsa.solutions\/wordpress\/wp-content\/uploads\/2025\/06\/LOGO-Chilis--300x300.jpg\" class=\"attachment-medium size-medium wp-image-3875\" alt=\"\" srcset=\"http:\/\/vimsa.solutions\/wordpress\/wp-content\/uploads\/2025\/06\/LOGO-Chilis--300x300.jpg 300w, http:\/\/vimsa.solutions\/wordpress\/wp-content\/uploads\/2025\/06\/LOGO-Chilis--150x150.jpg 150w, http:\/\/vimsa.solutions\/wordpress\/wp-content\/uploads\/2025\/06\/LOGO-Chilis-.jpg 600w\" sizes=\"(max-width: 300px) 100vw, 300px\" \/>\t\t<\/div>\n\t\t\t\t<div class=\"elementor-portfolio-item__overlay\">\n\t\t\t\t<\/div>\n\t\t\t\t<\/a>\n\t\t<\/article>\n\t\t\t\t<article class=\"elementor-portfolio-item elementor-post  post-3818 post type-post status-publish format-standard has-post-thumbnail hentry category-cliente\">\n\t\t\t<a class=\"elementor-post__thumbnail__link\" href=\"http:\/\/vimsa.solutions\/wordpress\/att\/\">\n\t\t\t\t<div class=\"elementor-portfolio-item__img elementor-post__thumbnail\">\n\t\t\t<img loading=\"lazy\" decoding=\"async\" width=\"300\" height=\"300\" src=\"http:\/\/vimsa.solutions\/wordpress\/wp-content\/uploads\/2025\/06\/Logo-ATT-quad-300x300.jpg\" class=\"attachment-medium size-medium wp-image-3876\" alt=\"\" srcset=\"http:\/\/vimsa.solutions\/wordpress\/wp-content\/uploads\/2025\/06\/Logo-ATT-quad-300x300.jpg 300w, http:\/\/vimsa.solutions\/wordpress\/wp-content\/uploads\/2025\/06\/Logo-ATT-quad-150x150.jpg 150w, http:\/\/vimsa.solutions\/wordpress\/wp-content\/uploads\/2025\/06\/Logo-ATT-quad.jpg 625w\" sizes=\"(max-width: 300px) 100vw, 300px\" \/>\t\t<\/div>\n\t\t\t\t<div class=\"elementor-portfolio-item__overlay\">\n\t\t\t\t<\/div>\n\t\t\t\t<\/a>\n\t\t<\/article>\n\t\t\t\t<article class=\"elementor-portfolio-item elementor-post  post-3646 post type-post status-publish format-standard has-post-thumbnail hentry category-cliente tag-smartfitclients-smartfitportfolio\">\n\t\t\t<a class=\"elementor-post__thumbnail__link\" href=\"http:\/\/vimsa.solutions\/wordpress\/smart-fit\/\">\n\t\t\t\t<div class=\"elementor-portfolio-item__img elementor-post__thumbnail\">\n\t\t\t<img loading=\"lazy\" decoding=\"async\" width=\"300\" height=\"300\" src=\"http:\/\/vimsa.solutions\/wordpress\/wp-content\/uploads\/2025\/06\/idKDkiNKRN_logos-300x300.jpeg\" class=\"attachment-medium size-medium wp-image-3682\" alt=\"\" srcset=\"http:\/\/vimsa.solutions\/wordpress\/wp-content\/uploads\/2025\/06\/idKDkiNKRN_logos-e1749764621542.jpeg 300w, http:\/\/vimsa.solutions\/wordpress\/wp-content\/uploads\/2025\/06\/idKDkiNKRN_logos-150x150.jpeg 150w\" sizes=\"(max-width: 300px) 100vw, 300px\" \/>\t\t<\/div>\n\t\t\t\t<div class=\"elementor-portfolio-item__overlay\">\n\t\t\t\t<\/div>\n\t\t\t\t<\/a>\n\t\t<\/article>\n\t\t\t\t<article class=\"elementor-portfolio-item elementor-post  post-3524 post type-post status-publish format-standard has-post-thumbnail hentry category-cliente tag-petcoclients-petcoportfolio\">\n\t\t\t<a class=\"elementor-post__thumbnail__link\" href=\"http:\/\/vimsa.solutions\/wordpress\/petco\/\">\n\t\t\t\t<div class=\"elementor-portfolio-item__img elementor-post__thumbnail\">\n\t\t\t<img loading=\"lazy\" decoding=\"async\" width=\"300\" height=\"300\" src=\"http:\/\/vimsa.solutions\/wordpress\/wp-content\/uploads\/2025\/05\/idaAJTKCJd_logos-300x300.jpeg\" class=\"attachment-medium size-medium wp-image-3422\" alt=\"\" srcset=\"http:\/\/vimsa.solutions\/wordpress\/wp-content\/uploads\/2025\/05\/idaAJTKCJd_logos-300x300.jpeg 300w, http:\/\/vimsa.solutions\/wordpress\/wp-content\/uploads\/2025\/05\/idaAJTKCJd_logos-150x150.jpeg 150w, http:\/\/vimsa.solutions\/wordpress\/wp-content\/uploads\/2025\/05\/idaAJTKCJd_logos.jpeg 400w\" sizes=\"(max-width: 300px) 100vw, 300px\" \/>\t\t<\/div>\n\t\t\t\t<div class=\"elementor-portfolio-item__overlay\">\n\t\t\t\t<\/div>\n\t\t\t\t<\/a>\n\t\t<\/article>\n\t\t\t\t<\/div>\n\t\t\t\t\t\t<\/div>\n\t\t\t\t<\/div>\n\t\t\t\t\t<\/div>\n\t\t\t\t<\/div>\n\t\t\t\t<\/div>\n\t\t","protected":false},"excerpt":{"rendered":"<p>NUESTROS CLIENTES Con m\u00e1s de una d\u00e9cada de experiencia, en nuestra empresa transformamos tus ideas en realidades \u00fanicas. Cada proyecto que entregamos refleja nuestro compromiso con la calidad, la creatividad y la satisfacci\u00f3n del cliente, respaldados por un equipo apasionado que cuida cada detalle. Aqu\u00ed algunas de nuestras entregas&#8230;<\/p>\n","protected":false},"author":1,"featured_media":0,"parent":0,"menu_order":0,"comment_status":"closed","ping_status":"closed","template":"","meta":{"site-sidebar-layout":"no-sidebar","site-content-layout":"page-builder","ast-site-content-layout":"full-width-container","site-content-style":"unboxed","site-sidebar-style":"unboxed","ast-global-header-display":"","ast-banner-title-visibility":"","ast-main-header-display":"","ast-hfb-above-header-display":"","ast-hfb-below-header-display":"","ast-hfb-mobile-header-display":"","site-post-title":"disabled","ast-breadcrumbs-content":"","ast-featured-img":"disabled","footer-sml-layout":"","theme-transparent-header-meta":"","adv-header-id-meta":"","stick-header-meta":"","header-above-stick-meta":"","header-main-stick-meta":"","header-below-stick-meta":"","astra-migrate-meta-layouts":"set","ast-page-background-enabled":"default","ast-page-background-meta":{"desktop":{"background-color":"var(--ast-global-color-4)","background-image":"","background-repeat":"repeat","background-position":"center center","background-size":"auto","background-attachment":"scroll","background-type":"","background-media":"","overlay-type":"","overlay-color":"","overlay-opacity":"","overlay-gradient":""},"tablet":{"background-color":"","background-image":"","background-repeat":"repeat","background-position":"center center","background-size":"auto","background-attachment":"scroll","background-type":"","background-media":"","overlay-type":"","overlay-color":"","overlay-opacity":"","overlay-gradient":""},"mobile":{"background-color":"","background-image":"","background-repeat":"repeat","background-position":"center center","background-size":"auto","background-attachment":"scroll","background-type":"","background-media":"","overlay-type":"","overlay-color":"","overlay-opacity":"","overlay-gradient":""}},"ast-content-background-meta":{"desktop":{"background-color":"var(--ast-global-color-5)","background-image":"","background-repeat":"repeat","background-position":"center center","background-size":"auto","background-attachment":"scroll","background-type":"","background-media":"","overlay-type":"","overlay-color":"","overlay-opacity":"","overlay-gradient":""},"tablet":{"background-color":"var(--ast-global-color-5)","background-image":"","background-repeat":"repeat","background-position":"center center","background-size":"auto","background-attachment":"scroll","background-type":"","background-media":"","overlay-type":"","overlay-color":"","overlay-opacity":"","overlay-gradient":""},"mobile":{"background-color":"var(--ast-global-color-5)","background-image":"","background-repeat":"repeat","background-position":"center center","background-size":"auto","background-attachment":"scroll","background-type":"","background-media":"","overlay-type":"","overlay-color":"","overlay-opacity":"","overlay-gradient":""}},"footnotes":""},"class_list":["post-3393","page","type-page","status-publish","hentry"],"_links":{"self":[{"href":"http:\/\/vimsa.solutions\/wordpress\/wp-json\/wp\/v2\/pages\/3393","targetHints":{"allow":["GET"]}}],"collection":[{"href":"http:\/\/vimsa.solutions\/wordpress\/wp-json\/wp\/v2\/pages"}],"about":[{"href":"http:\/\/vimsa.solutions\/wordpress\/wp-json\/wp\/v2\/types\/page"}],"author":[{"embeddable":true,"href":"http:\/\/vimsa.solutions\/wordpress\/wp-json\/wp\/v2\/users\/1"}],"replies":[{"embeddable":true,"href":"http:\/\/vimsa.solutions\/wordpress\/wp-json\/wp\/v2\/comments?post=3393"}],"version-history":[{"count":152,"href":"http:\/\/vimsa.solutions\/wordpress\/wp-json\/wp\/v2\/pages\/3393\/revisions"}],"predecessor-version":[{"id":4314,"href":"http:\/\/vimsa.solutions\/wordpress\/wp-json\/wp\/v2\/pages\/3393\/revisions\/4314"}],"wp:attachment":[{"href":"http:\/\/vimsa.solutions\/wordpress\/wp-json\/wp\/v2\/media?parent=3393"}],"curies":[{"name":"wp","href":"https:\/\/api.w.org\/{rel}","templated":true}]}}