{"id":2921,"date":"2025-05-15T03:24:29","date_gmt":"2025-05-15T03:24:29","guid":{"rendered":"http:\/\/vimsa.solutions\/wordpress\/services\/"},"modified":"2025-05-28T05:32:43","modified_gmt":"2025-05-28T05:32:43","slug":"services","status":"publish","type":"page","link":"http:\/\/vimsa.solutions\/wordpress\/services\/","title":{"rendered":"Servicios"},"content":{"rendered":"\t\t<div data-elementor-type=\"wp-page\" data-elementor-id=\"2921\" class=\"elementor elementor-2921\" data-elementor-post-type=\"page\">\n\t\t\t\t<div class=\"elementor-element elementor-element-ed5342b e-flex e-con-boxed e-con e-parent\" data-id=\"ed5342b\" data-element_type=\"container\" data-settings=\"{&quot;background_background&quot;:&quot;classic&quot;}\">\n\t\t\t\t\t<div class=\"e-con-inner\">\n\t\t<div class=\"elementor-element elementor-element-0c73a23 e-con-full e-flex e-con e-child\" data-id=\"0c73a23\" data-element_type=\"container\">\n\t\t\t\t<\/div>\n\t\t\t\t\t<\/div>\n\t\t\t\t<\/div>\n\t\t<div class=\"elementor-element elementor-element-b069d22 e-flex e-con-boxed e-con e-parent\" data-id=\"b069d22\" data-element_type=\"container\">\n\t\t\t\t\t<div class=\"e-con-inner\">\n\t\t<div class=\"elementor-element elementor-element-56a4564 e-con-full e-flex e-con e-child\" data-id=\"56a4564\" data-element_type=\"container\">\n\t\t\t\t<div class=\"elementor-element elementor-element-50d6336 elementor-widget elementor-widget-heading\" data-id=\"50d6336\" data-element_type=\"widget\" data-widget_type=\"heading.default\">\n\t\t\t\t<div class=\"elementor-widget-container\">\n\t\t\t\t\t<h2 class=\"elementor-heading-title elementor-size-default\">CONSTRUCCI\u00d3N<\/h2>\t\t\t\t<\/div>\n\t\t\t\t<\/div>\n\t\t\t\t<div class=\"elementor-element elementor-element-43b714a elementor-widget elementor-widget-heading\" data-id=\"43b714a\" data-element_type=\"widget\" data-widget_type=\"heading.default\">\n\t\t\t\t<div class=\"elementor-widget-container\">\n\t\t\t\t\t<h3 class=\"elementor-heading-title elementor-size-default\">Construcci\u00f3n Comercial a Escala Nacional: \nSu Visi\u00f3n, Nuestra Ejecuci\u00f3n<\/h3>\t\t\t\t<\/div>\n\t\t\t\t<\/div>\n\t\t\t\t<div class=\"elementor-element elementor-element-9308ff2 elementor-widget elementor-widget-text-editor\" data-id=\"9308ff2\" data-element_type=\"widget\" data-widget_type=\"text-editor.default\">\n\t\t\t\t<div class=\"elementor-widget-container\">\n\t\t\t\t\t\t\t\t\t<p data-sourcepos=\"9:1-9:412\">Para corporativos con presencia a lo largo y ancho del pa\u00eds, la expansi\u00f3n y renovaci\u00f3n de sus puntos de venta exige un socio constructor que comprenda la magnitud de sus operaciones. En VIMSA Construuciones, nos especializamos en la <strong>construcci\u00f3n comercial a gran escala<\/strong>, ofreciendo soluciones integrales y eficientes para cadenas de establecimientos, centros de distribuci\u00f3n y complejos corporativos.<\/p><p data-sourcepos=\"11:1-11:153\">Sabemos que cada nuevo espacio es una inversi\u00f3n estrat\u00e9gica que impacta directamente en su marca y rentabilidad.\u00a0<\/p><p data-sourcepos=\"11:1-11:153\">Perm\u00edtanos ser el aliado estrat\u00e9gico que impulse el crecimiento de su corporativo. Con VIMSA Construcciones, sus planes de expansi\u00f3n se convierten en una realidad tangible, con la garant\u00eda de un socio que construye para el \u00e9xito a nivel nacional.<\/p>\t\t\t\t\t\t\t\t<\/div>\n\t\t\t\t<\/div>\n\t\t\t\t<div class=\"elementor-element elementor-element-f38dcc6 elementor-widget elementor-widget-button\" data-id=\"f38dcc6\" data-element_type=\"widget\" data-widget_type=\"button.default\">\n\t\t\t\t<div class=\"elementor-widget-container\">\n\t\t\t\t\t\t\t\t\t<div class=\"elementor-button-wrapper\">\n\t\t\t\t\t<a class=\"elementor-button elementor-button-link elementor-size-sm\" href=\"http:\/\/vimsa.solutions\/wordpress\/construcionremodelacionmantenimiento\/\">\n\t\t\t\t\t\t<span class=\"elementor-button-content-wrapper\">\n\t\t\t\t\t\t\t\t\t<span class=\"elementor-button-text\">ExplorA M\u00c1S...<\/span>\n\t\t\t\t\t<\/span>\n\t\t\t\t\t<\/a>\n\t\t\t\t<\/div>\n\t\t\t\t\t\t\t\t<\/div>\n\t\t\t\t<\/div>\n\t\t\t\t<\/div>\n\t\t<div class=\"elementor-element elementor-element-dffccf7 e-con-full e-flex e-con e-child\" data-id=\"dffccf7\" data-element_type=\"container\">\n\t\t\t\t<div class=\"elementor-element elementor-element-a48b651 elementor-widget elementor-widget-image\" data-id=\"a48b651\" data-element_type=\"widget\" data-widget_type=\"image.default\">\n\t\t\t\t<div class=\"elementor-widget-container\">\n\t\t\t\t\t\t\t\t\t\t\t\t\t\t\t<img fetchpriority=\"high\" decoding=\"async\" width=\"1024\" height=\"642\" src=\"http:\/\/vimsa.solutions\/wordpress\/wp-content\/uploads\/2025\/05\/PETCO_HIRes-1024x642.jpg\" class=\"attachment-large size-large wp-image-3098\" alt=\"\" srcset=\"http:\/\/vimsa.solutions\/wordpress\/wp-content\/uploads\/2025\/05\/PETCO_HIRes-1024x642.jpg 1024w, http:\/\/vimsa.solutions\/wordpress\/wp-content\/uploads\/2025\/05\/PETCO_HIRes-300x188.jpg 300w, http:\/\/vimsa.solutions\/wordpress\/wp-content\/uploads\/2025\/05\/PETCO_HIRes-768x482.jpg 768w, http:\/\/vimsa.solutions\/wordpress\/wp-content\/uploads\/2025\/05\/PETCO_HIRes-1536x963.jpg 1536w, http:\/\/vimsa.solutions\/wordpress\/wp-content\/uploads\/2025\/05\/PETCO_HIRes-2048x1285.jpg 2048w\" sizes=\"(max-width: 1024px) 100vw, 1024px\" \/>\t\t\t\t\t\t\t\t\t\t\t\t\t\t\t<\/div>\n\t\t\t\t<\/div>\n\t\t\t\t<\/div>\n\t\t\t\t\t<\/div>\n\t\t\t\t<\/div>\n\t\t<div class=\"elementor-element elementor-element-4ea6c66 e-flex e-con-boxed e-con e-parent\" data-id=\"4ea6c66\" data-element_type=\"container\">\n\t\t\t\t\t<div class=\"e-con-inner\">\n\t\t<div class=\"elementor-element elementor-element-6880e43 e-con-full e-flex e-con e-child\" data-id=\"6880e43\" data-element_type=\"container\">\n\t\t\t\t<div class=\"elementor-element elementor-element-f51149a elementor-widget elementor-widget-image\" data-id=\"f51149a\" data-element_type=\"widget\" data-widget_type=\"image.default\">\n\t\t\t\t<div class=\"elementor-widget-container\">\n\t\t\t\t\t\t\t\t\t\t\t\t\t\t\t<img decoding=\"async\" width=\"640\" height=\"480\" src=\"http:\/\/vimsa.solutions\/wordpress\/wp-content\/uploads\/2025\/05\/2.jpg\" class=\"attachment-large size-large wp-image-3062\" alt=\"\" srcset=\"http:\/\/vimsa.solutions\/wordpress\/wp-content\/uploads\/2025\/05\/2.jpg 640w, http:\/\/vimsa.solutions\/wordpress\/wp-content\/uploads\/2025\/05\/2-300x225.jpg 300w\" sizes=\"(max-width: 640px) 100vw, 640px\" \/>\t\t\t\t\t\t\t\t\t\t\t\t\t\t\t<\/div>\n\t\t\t\t<\/div>\n\t\t\t\t<\/div>\n\t\t<div class=\"elementor-element elementor-element-1d599f0 e-con-full e-flex e-con e-child\" data-id=\"1d599f0\" data-element_type=\"container\">\n\t\t\t\t<div class=\"elementor-element elementor-element-8f2af4c elementor-widget elementor-widget-heading\" data-id=\"8f2af4c\" data-element_type=\"widget\" data-widget_type=\"heading.default\">\n\t\t\t\t<div class=\"elementor-widget-container\">\n\t\t\t\t\t<h2 class=\"elementor-heading-title elementor-size-default\">REMODELACI\u00d3N<\/h2>\t\t\t\t<\/div>\n\t\t\t\t<\/div>\n\t\t\t\t<div class=\"elementor-element elementor-element-85ceb85 elementor-widget elementor-widget-heading\" data-id=\"85ceb85\" data-element_type=\"widget\" data-widget_type=\"heading.default\">\n\t\t\t\t<div class=\"elementor-widget-container\">\n\t\t\t\t\t<h3 class=\"elementor-heading-title elementor-size-default\">Remodelaci\u00f3n Estrat\u00e9gica para la Transformaci\u00f3n de sus Espacios<\/h3>\t\t\t\t<\/div>\n\t\t\t\t<\/div>\n\t\t\t\t<div class=\"elementor-element elementor-element-0701632 elementor-widget elementor-widget-text-editor\" data-id=\"0701632\" data-element_type=\"widget\" data-widget_type=\"text-editor.default\">\n\t\t\t\t<div class=\"elementor-widget-container\">\n\t\t\t\t\t\t\t\t\t<p data-sourcepos=\"9:1-9:369\">Para corporativos con una red de establecimientos consolidada, la remodelaci\u00f3n no es solo una cuesti\u00f3n est\u00e9tica; es una <strong>inversi\u00f3n estrat\u00e9gica para revitalizar la experiencia del cliente, optimizar la operatividad y mantener la relevancia en un mercado din\u00e1mico.<\/strong> En VIMSA Construcciones, entendemos la importancia de cada detalle en la evoluci\u00f3n de su marca.<\/p><p data-sourcepos=\"11:1-11:324\">Nos especializamos en <strong>proyectos de remodelaci\u00f3n a gran escala para el sector comercial<\/strong>, ofreciendo soluciones que minimizan interrupciones y maximizan el impacto. Nuestra experiencia abarca desde la actualizaci\u00f3n de la imagen de sus puntos de venta hasta la optimizaci\u00f3n de flujos y la integraci\u00f3n de nuevas tecnolog\u00edas.<\/p><p data-sourcepos=\"11:1-11:324\">\u00a0<\/p><p data-sourcepos=\"11:1-11:324\">Conf\u00ede en VIMSA Construcciones para darle una nueva vida a sus establecimientos. Perm\u00edtanos ser su socio en la evoluci\u00f3n de sus espacios, impulsando la eficiencia y el atractivo de su negocio en cada rinc\u00f3n del pa\u00eds.<\/p>\t\t\t\t\t\t\t\t<\/div>\n\t\t\t\t<\/div>\n\t\t\t\t<div class=\"elementor-element elementor-element-995bd42 elementor-widget elementor-widget-button\" data-id=\"995bd42\" data-element_type=\"widget\" data-widget_type=\"button.default\">\n\t\t\t\t<div class=\"elementor-widget-container\">\n\t\t\t\t\t\t\t\t\t<div class=\"elementor-button-wrapper\">\n\t\t\t\t\t<a class=\"elementor-button elementor-button-link elementor-size-sm\" href=\"http:\/\/vimsa.solutions\/wordpress\/construcionremodelacionmantenimiento\/\">\n\t\t\t\t\t\t<span class=\"elementor-button-content-wrapper\">\n\t\t\t\t\t\t\t\t\t<span class=\"elementor-button-text\">Explora m\u00e1s...<\/span>\n\t\t\t\t\t<\/span>\n\t\t\t\t\t<\/a>\n\t\t\t\t<\/div>\n\t\t\t\t\t\t\t\t<\/div>\n\t\t\t\t<\/div>\n\t\t\t\t<\/div>\n\t\t\t\t\t<\/div>\n\t\t\t\t<\/div>\n\t\t<div class=\"elementor-element elementor-element-6d214f7 e-flex e-con-boxed e-con e-parent\" data-id=\"6d214f7\" data-element_type=\"container\">\n\t\t\t\t\t<div class=\"e-con-inner\">\n\t\t<div class=\"elementor-element elementor-element-47189ec e-con-full e-flex e-con e-child\" data-id=\"47189ec\" data-element_type=\"container\">\n\t\t\t\t<div class=\"elementor-element elementor-element-638dd26 elementor-widget elementor-widget-heading\" data-id=\"638dd26\" data-element_type=\"widget\" data-widget_type=\"heading.default\">\n\t\t\t\t<div class=\"elementor-widget-container\">\n\t\t\t\t\t<h2 class=\"elementor-heading-title elementor-size-default\">MANTENIMIENTO<\/h2>\t\t\t\t<\/div>\n\t\t\t\t<\/div>\n\t\t\t\t<div class=\"elementor-element elementor-element-3c27303 elementor-widget elementor-widget-heading\" data-id=\"3c27303\" data-element_type=\"widget\" data-widget_type=\"heading.default\">\n\t\t\t\t<div class=\"elementor-widget-container\">\n\t\t\t\t\t<h3 class=\"elementor-heading-title elementor-size-default\">Mantenimiento Proactivo para la Continuidad de sus Operaciones Comerciales<\/h3>\t\t\t\t<\/div>\n\t\t\t\t<\/div>\n\t\t\t\t<div class=\"elementor-element elementor-element-d1d1e1e elementor-widget elementor-widget-text-editor\" data-id=\"d1d1e1e\" data-element_type=\"widget\" data-widget_type=\"text-editor.default\">\n\t\t\t\t<div class=\"elementor-widget-container\">\n\t\t\t\t\t\t\t\t\t<p data-sourcepos=\"5:1-5:422\">Para corporativos con una infraestructura de establecimientos a nivel nacional, el <strong>mantenimiento no es un gasto, es una inversi\u00f3n cr\u00edtica<\/strong> que asegura la <strong>operatividad ininterrumpida<\/strong>, la <strong>seguridad de sus activos<\/strong> y la <strong>imagen impecable de su marca<\/strong>. En [Tu Empresa de Construcci\u00f3n], ofrecemos soluciones de mantenimiento integral dise\u00f1adas espec\u00edficamente para las exigencias del sector comercial a gran escala.<\/p><p data-sourcepos=\"7:1-7:252\">Entendemos que cada d\u00eda de inactividad o cada incidente por falta de mantenimiento impacta directamente en su rentabilidad y la experiencia de sus clientes. Por eso, nuestra propuesta se centra en la <strong>prevenci\u00f3n, la eficiencia y la respuesta r\u00e1pida<\/strong>.<\/p><p data-sourcepos=\"7:1-7:252\">Conf\u00ede en VIMSA Construcciones para garantizar que sus establecimientos operen siempre en \u00f3ptimas condiciones, reflejando la excelencia y el profesionalismo de su corporativo. Perm\u00edtanos proteger su inversi\u00f3n y asegurar la continuidad de su \u00e9xito.<\/p>\t\t\t\t\t\t\t\t<\/div>\n\t\t\t\t<\/div>\n\t\t\t\t<div class=\"elementor-element elementor-element-30eebf0 elementor-widget elementor-widget-button\" data-id=\"30eebf0\" data-element_type=\"widget\" data-widget_type=\"button.default\">\n\t\t\t\t<div class=\"elementor-widget-container\">\n\t\t\t\t\t\t\t\t\t<div class=\"elementor-button-wrapper\">\n\t\t\t\t\t<a class=\"elementor-button elementor-button-link elementor-size-sm\" href=\"http:\/\/vimsa.solutions\/wordpress\/construcionremodelacionmantenimiento\/\">\n\t\t\t\t\t\t<span class=\"elementor-button-content-wrapper\">\n\t\t\t\t\t\t\t\t\t<span class=\"elementor-button-text\">Explora m\u00e1s...<\/span>\n\t\t\t\t\t<\/span>\n\t\t\t\t\t<\/a>\n\t\t\t\t<\/div>\n\t\t\t\t\t\t\t\t<\/div>\n\t\t\t\t<\/div>\n\t\t\t\t<\/div>\n\t\t<div class=\"elementor-element elementor-element-e0dacc0 e-con-full e-flex e-con e-child\" data-id=\"e0dacc0\" data-element_type=\"container\">\n\t\t\t\t<div class=\"elementor-element elementor-element-e56c3c6 elementor-widget elementor-widget-image\" data-id=\"e56c3c6\" data-element_type=\"widget\" data-widget_type=\"image.default\">\n\t\t\t\t<div class=\"elementor-widget-container\">\n\t\t\t\t\t\t\t\t\t\t\t\t\t\t\t<img decoding=\"async\" width=\"1024\" height=\"768\" src=\"http:\/\/vimsa.solutions\/wordpress\/wp-content\/uploads\/2025\/05\/20201007_151442-1024x768.jpg\" class=\"attachment-large size-large wp-image-3183\" alt=\"\" srcset=\"http:\/\/vimsa.solutions\/wordpress\/wp-content\/uploads\/2025\/05\/20201007_151442-1024x768.jpg 1024w, http:\/\/vimsa.solutions\/wordpress\/wp-content\/uploads\/2025\/05\/20201007_151442-300x225.jpg 300w, http:\/\/vimsa.solutions\/wordpress\/wp-content\/uploads\/2025\/05\/20201007_151442-768x576.jpg 768w, http:\/\/vimsa.solutions\/wordpress\/wp-content\/uploads\/2025\/05\/20201007_151442-1536x1152.jpg 1536w, http:\/\/vimsa.solutions\/wordpress\/wp-content\/uploads\/2025\/05\/20201007_151442-2048x1536.jpg 2048w\" sizes=\"(max-width: 1024px) 100vw, 1024px\" \/>\t\t\t\t\t\t\t\t\t\t\t\t\t\t\t<\/div>\n\t\t\t\t<\/div>\n\t\t\t\t<\/div>\n\t\t\t\t\t<\/div>\n\t\t\t\t<\/div>\n\t\t<div class=\"elementor-element elementor-element-a07a2b9 e-flex e-con-boxed e-con e-parent\" data-id=\"a07a2b9\" data-element_type=\"container\" data-settings=\"{&quot;background_background&quot;:&quot;classic&quot;}\">\n\t\t\t\t\t<div class=\"e-con-inner\">\n\t\t<div class=\"elementor-element elementor-element-db992c8 e-con-full e-flex e-con e-child\" data-id=\"db992c8\" data-element_type=\"container\">\n\t\t\t\t<div class=\"elementor-element elementor-element-08e276e elementor-widget elementor-widget-heading\" data-id=\"08e276e\" data-element_type=\"widget\" data-widget_type=\"heading.default\">\n\t\t\t\t<div class=\"elementor-widget-container\">\n\t\t\t\t\t<h2 class=\"elementor-heading-title elementor-size-default\">Llamanos<\/h2>\t\t\t\t<\/div>\n\t\t\t\t<\/div>\n\t\t\t\t<div class=\"elementor-element elementor-element-8cdfa65 elementor-widget elementor-widget-text-editor\" data-id=\"8cdfa65\" data-element_type=\"widget\" data-widget_type=\"text-editor.default\">\n\t\t\t\t<div class=\"elementor-widget-container\">\n\t\t\t\t\t\t\t\t\t<p>\u00bfTienes dudas \u00f3 preguntas? Estamos siempre disponibles para resolver todo acerca de tu negocio, nuevos proyectos, oportunidades creativas y en todo lo que podamos ayudarte.<\/p>\t\t\t\t\t\t\t\t<\/div>\n\t\t\t\t<\/div>\n\t\t\t\t<div class=\"elementor-element elementor-element-466fc8c elementor-align-center elementor-widget elementor-widget-button\" data-id=\"466fc8c\" data-element_type=\"widget\" data-widget_type=\"button.default\">\n\t\t\t\t<div class=\"elementor-widget-container\">\n\t\t\t\t\t\t\t\t\t<div class=\"elementor-button-wrapper\">\n\t\t\t\t\t<a class=\"elementor-button elementor-button-link elementor-size-sm\" href=\"http:\/\/vimsa.solutions\/wordpress\/contact\/\">\n\t\t\t\t\t\t<span class=\"elementor-button-content-wrapper\">\n\t\t\t\t\t\t\t\t\t<span class=\"elementor-button-text\">Ponte en contacto<\/span>\n\t\t\t\t\t<\/span>\n\t\t\t\t\t<\/a>\n\t\t\t\t<\/div>\n\t\t\t\t\t\t\t\t<\/div>\n\t\t\t\t<\/div>\n\t\t\t\t<\/div>\n\t\t\t\t\t<\/div>\n\t\t\t\t<\/div>\n\t\t\t\t<\/div>\n\t\t","protected":false},"excerpt":{"rendered":"<p>CONSTRUCCI\u00d3N Construcci\u00f3n Comercial a Escala Nacional: Su Visi\u00f3n, Nuestra Ejecuci\u00f3n Para corporativos con presencia a lo largo y ancho del pa\u00eds, la expansi\u00f3n y renovaci\u00f3n de sus puntos de venta exige un socio constructor que comprenda la magnitud de sus operaciones. En VIMSA Construuciones, nos especializamos en la construcci\u00f3n comercial a gran escala, ofreciendo soluciones [&hellip;]<\/p>\n","protected":false},"author":1,"featured_media":0,"parent":0,"menu_order":0,"comment_status":"closed","ping_status":"closed","template":"","meta":{"site-sidebar-layout":"no-sidebar","site-content-layout":"page-builder","ast-site-content-layout":"full-width-container","site-content-style":"unboxed","site-sidebar-style":"unboxed","ast-global-header-display":"","ast-banner-title-visibility":"","ast-main-header-display":"","ast-hfb-above-header-display":"","ast-hfb-below-header-display":"","ast-hfb-mobile-header-display":"","site-post-title":"disabled","ast-breadcrumbs-content":"","ast-featured-img":"disabled","footer-sml-layout":"","theme-transparent-header-meta":"enabled","adv-header-id-meta":"","stick-header-meta":"","header-above-stick-meta":"","header-main-stick-meta":"","header-below-stick-meta":"","astra-migrate-meta-layouts":"set","ast-page-background-enabled":"default","ast-page-background-meta":{"desktop":{"background-color":"var(--ast-global-color-4)","background-image":"","background-repeat":"repeat","background-position":"center center","background-size":"auto","background-attachment":"scroll","background-type":"","background-media":"","overlay-type":"","overlay-color":"","overlay-opacity":"","overlay-gradient":""},"tablet":{"background-color":"","background-image":"","background-repeat":"repeat","background-position":"center center","background-size":"auto","background-attachment":"scroll","background-type":"","background-media":"","overlay-type":"","overlay-color":"","overlay-opacity":"","overlay-gradient":""},"mobile":{"background-color":"","background-image":"","background-repeat":"repeat","background-position":"center center","background-size":"auto","background-attachment":"scroll","background-type":"","background-media":"","overlay-type":"","overlay-color":"","overlay-opacity":"","overlay-gradient":""}},"ast-content-background-meta":{"desktop":{"background-color":"var(--ast-global-color-5)","background-image":"","background-repeat":"repeat","background-position":"center center","background-size":"auto","background-attachment":"scroll","background-type":"","background-media":"","overlay-type":"","overlay-color":"","overlay-opacity":"","overlay-gradient":""},"tablet":{"background-color":"var(--ast-global-color-5)","background-image":"","background-repeat":"repeat","background-position":"center center","background-size":"auto","background-attachment":"scroll","background-type":"","background-media":"","overlay-type":"","overlay-color":"","overlay-opacity":"","overlay-gradient":""},"mobile":{"background-color":"var(--ast-global-color-5)","background-image":"","background-repeat":"repeat","background-position":"center center","background-size":"auto","background-attachment":"scroll","background-type":"","background-media":"","overlay-type":"","overlay-color":"","overlay-opacity":"","overlay-gradient":""}},"footnotes":""},"class_list":["post-2921","page","type-page","status-publish","hentry"],"_links":{"self":[{"href":"http:\/\/vimsa.solutions\/wordpress\/wp-json\/wp\/v2\/pages\/2921","targetHints":{"allow":["GET"]}}],"collection":[{"href":"http:\/\/vimsa.solutions\/wordpress\/wp-json\/wp\/v2\/pages"}],"about":[{"href":"http:\/\/vimsa.solutions\/wordpress\/wp-json\/wp\/v2\/types\/page"}],"author":[{"embeddable":true,"href":"http:\/\/vimsa.solutions\/wordpress\/wp-json\/wp\/v2\/users\/1"}],"replies":[{"embeddable":true,"href":"http:\/\/vimsa.solutions\/wordpress\/wp-json\/wp\/v2\/comments?post=2921"}],"version-history":[{"count":58,"href":"http:\/\/vimsa.solutions\/wordpress\/wp-json\/wp\/v2\/pages\/2921\/revisions"}],"predecessor-version":[{"id":3369,"href":"http:\/\/vimsa.solutions\/wordpress\/wp-json\/wp\/v2\/pages\/2921\/revisions\/3369"}],"wp:attachment":[{"href":"http:\/\/vimsa.solutions\/wordpress\/wp-json\/wp\/v2\/media?parent=2921"}],"curies":[{"name":"wp","href":"https:\/\/api.w.org\/{rel}","templated":true}]}}