{"id":2920,"date":"2025-05-15T03:24:26","date_gmt":"2025-05-15T03:24:26","guid":{"rendered":"http:\/\/vimsa.solutions\/wordpress\/about-2\/"},"modified":"2025-06-26T18:35:05","modified_gmt":"2025-06-26T18:35:05","slug":"about-2","status":"publish","type":"page","link":"http:\/\/vimsa.solutions\/wordpress\/about-2\/","title":{"rendered":"\u00bfQui\u00e9nes Somos?"},"content":{"rendered":"\t\t<div data-elementor-type=\"wp-page\" data-elementor-id=\"2920\" class=\"elementor elementor-2920\" data-elementor-post-type=\"page\">\n\t\t\t\t<div class=\"elementor-element elementor-element-4094ee7 e-flex e-con-boxed e-con e-parent\" data-id=\"4094ee7\" data-element_type=\"container\" data-settings=\"{&quot;background_background&quot;:&quot;classic&quot;}\">\n\t\t\t\t\t<div class=\"e-con-inner\">\n\t\t<div class=\"elementor-element elementor-element-8695738 e-con-full e-flex e-con e-child\" data-id=\"8695738\" data-element_type=\"container\" data-settings=\"{&quot;background_background&quot;:&quot;classic&quot;,&quot;background_motion_fx_motion_fx_scrolling&quot;:&quot;yes&quot;,&quot;background_motion_fx_devices&quot;:[&quot;desktop&quot;,&quot;tablet&quot;,&quot;mobile&quot;]}\">\n\t\t\t\t<\/div>\n\t\t\t\t\t<\/div>\n\t\t\t\t<\/div>\n\t\t<div class=\"elementor-element elementor-element-e8fda26 e-flex e-con-boxed e-con e-parent\" data-id=\"e8fda26\" data-element_type=\"container\">\n\t\t\t\t\t<div class=\"e-con-inner\">\n\t\t<div class=\"elementor-element elementor-element-2b41804 e-con-full e-flex e-con e-child\" data-id=\"2b41804\" data-element_type=\"container\">\n\t\t<div class=\"elementor-element elementor-element-9c5044d e-con-full e-flex e-con e-child\" data-id=\"9c5044d\" data-element_type=\"container\">\n\t\t\t\t<div class=\"elementor-element elementor-element-7488338 elementor-widget elementor-widget-heading\" data-id=\"7488338\" data-element_type=\"widget\" data-widget_type=\"heading.default\">\n\t\t\t\t<div class=\"elementor-widget-container\">\n\t\t\t\t\t<h2 class=\"elementor-heading-title elementor-size-default\">\u00bfQui\u00e9nes Somos?<\/h2>\t\t\t\t<\/div>\n\t\t\t\t<\/div>\n\t\t\t\t<div class=\"elementor-element elementor-element-ab35928 elementor-widget elementor-widget-text-editor\" data-id=\"ab35928\" data-element_type=\"widget\" data-widget_type=\"text-editor.default\">\n\t\t\t\t<div class=\"elementor-widget-container\">\n\t\t\t\t\t\t\t\t\t<div class=\"page\" title=\"Page 1\"><div class=\"section\"><div class=\"layoutArea\"><div class=\"column\"><p>En VIMSA, convertimos tu visi\u00f3n en realidad. Desde 2012, nos dedicamos a materializar grandes proyectos, especializ\u00e1ndonos en la construcci\u00f3n, remodelaci\u00f3n y mantenimiento de espacios. Nuestro motor es la calidad y el compromiso, no solo con cada obra, sino con el desarrollo de nuestro pa\u00eds y el bienestar de nuestro equipo y clientes.<\/p><p>En VIMSA Construcciones Somos expertos en:<\/p><p>Construccio\u0301n, Remodelacio\u0301n y Mantenimiento.<\/p><\/div><\/div><\/div><\/div>\t\t\t\t\t\t\t\t<\/div>\n\t\t\t\t<\/div>\n\t\t\t\t<\/div>\n\t\t<div class=\"elementor-element elementor-element-98cdfc8 e-con-full e-flex e-con e-child\" data-id=\"98cdfc8\" data-element_type=\"container\">\n\t\t\t\t<div class=\"elementor-element elementor-element-9ddc9f5 elementor-widget elementor-widget-image\" data-id=\"9ddc9f5\" data-element_type=\"widget\" data-widget_type=\"image.default\">\n\t\t\t\t<div class=\"elementor-widget-container\">\n\t\t\t\t\t\t\t\t\t\t\t\t\t\t\t<img fetchpriority=\"high\" decoding=\"async\" width=\"1024\" height=\"341\" src=\"http:\/\/vimsa.solutions\/wordpress\/wp-content\/uploads\/2025\/05\/ViCoLOG-1024x341.webp\" class=\"attachment-large size-large wp-image-2958\" alt=\"\" srcset=\"http:\/\/vimsa.solutions\/wordpress\/wp-content\/uploads\/2025\/05\/ViCoLOG-1024x341.webp 1024w, http:\/\/vimsa.solutions\/wordpress\/wp-content\/uploads\/2025\/05\/ViCoLOG-300x100.webp 300w, http:\/\/vimsa.solutions\/wordpress\/wp-content\/uploads\/2025\/05\/ViCoLOG-768x255.webp 768w, http:\/\/vimsa.solutions\/wordpress\/wp-content\/uploads\/2025\/05\/ViCoLOG-1536x511.webp 1536w, http:\/\/vimsa.solutions\/wordpress\/wp-content\/uploads\/2025\/05\/ViCoLOG-scaled.webp 1920w\" sizes=\"(max-width: 1024px) 100vw, 1024px\" \/>\t\t\t\t\t\t\t\t\t\t\t\t\t\t\t<\/div>\n\t\t\t\t<\/div>\n\t\t\t\t<\/div>\n\t\t\t\t<\/div>\n\t\t\t\t\t<\/div>\n\t\t\t\t<\/div>\n\t\t<div class=\"elementor-element elementor-element-e90f62c e-flex e-con-boxed e-con e-parent\" data-id=\"e90f62c\" data-element_type=\"container\">\n\t\t\t\t\t<div class=\"e-con-inner\">\n\t\t<div class=\"elementor-element elementor-element-0c682a2 e-con-full e-flex e-con e-child\" data-id=\"0c682a2\" data-element_type=\"container\">\n\t\t\t\t<div class=\"elementor-element elementor-element-cc91ee5 elementor-widget elementor-widget-image\" data-id=\"cc91ee5\" data-element_type=\"widget\" data-widget_type=\"image.default\">\n\t\t\t\t<div class=\"elementor-widget-container\">\n\t\t\t\t\t\t\t\t\t\t\t\t\t\t\t<img decoding=\"async\" width=\"512\" height=\"512\" src=\"http:\/\/vimsa.solutions\/wordpress\/wp-content\/uploads\/2025\/05\/Mision_vison_valores.jpg\" class=\"attachment-full size-full wp-image-3222\" alt=\"\" srcset=\"http:\/\/vimsa.solutions\/wordpress\/wp-content\/uploads\/2025\/05\/Mision_vison_valores.jpg 512w, http:\/\/vimsa.solutions\/wordpress\/wp-content\/uploads\/2025\/05\/Mision_vison_valores-300x300.jpg 300w, http:\/\/vimsa.solutions\/wordpress\/wp-content\/uploads\/2025\/05\/Mision_vison_valores-150x150.jpg 150w\" sizes=\"(max-width: 512px) 100vw, 512px\" \/>\t\t\t\t\t\t\t\t\t\t\t\t\t\t\t<\/div>\n\t\t\t\t<\/div>\n\t\t\t\t<\/div>\n\t\t<div class=\"elementor-element elementor-element-b29abee e-con-full e-flex e-con e-child\" data-id=\"b29abee\" data-element_type=\"container\">\n\t\t\t\t<div class=\"elementor-element elementor-element-f095111 elementor-widget elementor-widget-heading\" data-id=\"f095111\" data-element_type=\"widget\" data-widget_type=\"heading.default\">\n\t\t\t\t<div class=\"elementor-widget-container\">\n\t\t\t\t\t<h2 class=\"elementor-heading-title elementor-size-default\">Misi\u00f3n<\/h2>\t\t\t\t<\/div>\n\t\t\t\t<\/div>\n\t\t\t\t<div class=\"elementor-element elementor-element-5990b83 elementor-widget__width-initial elementor-widget elementor-widget-text-editor\" data-id=\"5990b83\" data-element_type=\"widget\" data-widget_type=\"text-editor.default\">\n\t\t\t\t<div class=\"elementor-widget-container\">\n\t\t\t\t\t\t\t\t\t<p>Ser el socio constructor estrat\u00e9gico y confiable para grandes corporativos, materializando sus proyectos de expansi\u00f3n, remodelaci\u00f3n y mantenimiento comercial a escala nacional con eficiencia, calidad superior y un compromiso inquebrantable con la continuidad de sus operaciones y el fortalecimiento de su marca.<\/p>\t\t\t\t\t\t\t\t<\/div>\n\t\t\t\t<\/div>\n\t\t\t\t<div class=\"elementor-element elementor-element-879520b elementor-widget elementor-widget-heading\" data-id=\"879520b\" data-element_type=\"widget\" data-widget_type=\"heading.default\">\n\t\t\t\t<div class=\"elementor-widget-container\">\n\t\t\t\t\t<h2 class=\"elementor-heading-title elementor-size-default\">VISI\u00d3N<\/h2>\t\t\t\t<\/div>\n\t\t\t\t<\/div>\n\t\t\t\t<div class=\"elementor-element elementor-element-012a779 elementor-widget__width-initial elementor-widget elementor-widget-text-editor\" data-id=\"012a779\" data-element_type=\"widget\" data-widget_type=\"text-editor.default\">\n\t\t\t\t<div class=\"elementor-widget-container\">\n\t\t\t\t\t\t\t\t\t<p>Ser reconocidos como el l\u00edder indiscutible en construcci\u00f3n y gesti\u00f3n de infraestructura comercial para corporativos a nivel nacional, innovando constantemente en procesos y soluciones para asegurar que cada establecimiento de nuestros clientes sea un pilar de \u00e9xito y un reflejo de excelencia.<\/p>\t\t\t\t\t\t\t\t<\/div>\n\t\t\t\t<\/div>\n\t\t\t\t<div class=\"elementor-element elementor-element-6be5e5e elementor-widget elementor-widget-heading\" data-id=\"6be5e5e\" data-element_type=\"widget\" data-widget_type=\"heading.default\">\n\t\t\t\t<div class=\"elementor-widget-container\">\n\t\t\t\t\t<h2 class=\"elementor-heading-title elementor-size-default\">Valores<\/h2>\t\t\t\t<\/div>\n\t\t\t\t<\/div>\n\t\t\t\t<div class=\"elementor-element elementor-element-cef079f elementor-widget__width-initial elementor-widget elementor-widget-text-editor\" data-id=\"cef079f\" data-element_type=\"widget\" data-widget_type=\"text-editor.default\">\n\t\t\t\t<div class=\"elementor-widget-container\">\n\t\t\t\t\t\t\t\t\t<p data-sourcepos=\"19:1-19:81\">Nuestros valores son el cimiento de cada proyecto y la gu\u00eda de nuestras acciones:<\/p><ul data-sourcepos=\"21:1-26:0\"><li data-sourcepos=\"21:1-21:197\"><strong>Excelencia Operativa:<\/strong> Nos comprometemos a entregar cada proyecto con los m\u00e1s altos est\u00e1ndares de calidad, eficiencia y seguridad, superando las expectativas de nuestros clientes en cada fase.<\/li><li data-sourcepos=\"22:1-22:219\"><strong>Confiabilidad y Compromiso:<\/strong> Construimos relaciones duraderas basadas en la transparencia, la integridad y el cumplimiento de nuestras promesas, siendo un socio en quien nuestros clientes pueden confiar plenamente.<\/li><li data-sourcepos=\"23:1-23:239\"><strong>Innovaci\u00f3n y Adaptabilidad:<\/strong> Estamos en constante b\u00fasqueda de las mejores pr\u00e1cticas, tecnolog\u00edas y soluciones para optimizar nuestros procesos y adaptarnos a las din\u00e1micas cambiantes del mercado y las necesidades de nuestros clientes.<\/li><li data-sourcepos=\"24:1-24:216\"><strong>Orientaci\u00f3n al Cliente Corporativo:<\/strong> Entendemos a fondo las complejidades y exigencias de los grandes corporativos, enfocando nuestros esfuerzos en sus objetivos estrat\u00e9gicos y la continuidad de sus operaciones.<\/li><li data-sourcepos=\"25:1-26:0\"><strong>Colaboraci\u00f3n y Profesionalismo:<\/strong> Fomentamos un ambiente de trabajo colaborativo, tanto internamente como con nuestros clientes y proveedores, basado en el respeto mutuo, la comunicaci\u00f3n efectiva y la \u00e9tica profesional.<\/li><\/ul>\t\t\t\t\t\t\t\t<\/div>\n\t\t\t\t<\/div>\n\t\t\t\t<\/div>\n\t\t\t\t\t<\/div>\n\t\t\t\t<\/div>\n\t\t<div class=\"elementor-element elementor-element-9913187 e-flex e-con-boxed e-con e-parent\" data-id=\"9913187\" data-element_type=\"container\" data-settings=\"{&quot;background_background&quot;:&quot;classic&quot;}\">\n\t\t\t\t\t<div class=\"e-con-inner\">\n\t\t<div class=\"elementor-element elementor-element-4aac4a9 e-con-full e-flex e-con e-child\" data-id=\"4aac4a9\" data-element_type=\"container\">\n\t\t\t\t<div class=\"elementor-element elementor-element-77aff44 elementor-widget elementor-widget-heading\" data-id=\"77aff44\" data-element_type=\"widget\" data-widget_type=\"heading.default\">\n\t\t\t\t<div class=\"elementor-widget-container\">\n\t\t\t\t\t<h2 class=\"elementor-heading-title elementor-size-default\">Cont\u00e1ctanos<\/h2>\t\t\t\t<\/div>\n\t\t\t\t<\/div>\n\t\t\t\t<div class=\"elementor-element elementor-element-9e82914 elementor-widget elementor-widget-text-editor\" data-id=\"9e82914\" data-element_type=\"widget\" data-widget_type=\"text-editor.default\">\n\t\t\t\t<div class=\"elementor-widget-container\">\n\t\t\t\t\t\t\t\t\t<p>\u00bfTienes dudas \u00f3 preguntas? Estamos siempre disponibles para resolver todo acerca de tu negocio, nuevos proyectos, oportunidades creativas y en todo lo que podamos ayudarte.<\/p>\t\t\t\t\t\t\t\t<\/div>\n\t\t\t\t<\/div>\n\t\t\t\t<div class=\"elementor-element elementor-element-d351ee7 elementor-align-center elementor-widget elementor-widget-button\" data-id=\"d351ee7\" data-element_type=\"widget\" data-widget_type=\"button.default\">\n\t\t\t\t<div class=\"elementor-widget-container\">\n\t\t\t\t\t\t\t\t\t<div class=\"elementor-button-wrapper\">\n\t\t\t\t\t<a class=\"elementor-button elementor-button-link elementor-size-sm\" href=\"http:\/\/vimsa.solutions\/wordpress\/contact\/\">\n\t\t\t\t\t\t<span class=\"elementor-button-content-wrapper\">\n\t\t\t\t\t\t\t\t\t<span class=\"elementor-button-text\">Ponte en contacto<\/span>\n\t\t\t\t\t<\/span>\n\t\t\t\t\t<\/a>\n\t\t\t\t<\/div>\n\t\t\t\t\t\t\t\t<\/div>\n\t\t\t\t<\/div>\n\t\t\t\t<\/div>\n\t\t\t\t\t<\/div>\n\t\t\t\t<\/div>\n\t\t\t\t<\/div>\n\t\t","protected":false},"excerpt":{"rendered":"<p>\u00bfQui\u00e9nes Somos? En VIMSA, convertimos tu visi\u00f3n en realidad. Desde 2012, nos dedicamos a materializar grandes proyectos, especializ\u00e1ndonos en la construcci\u00f3n, remodelaci\u00f3n y mantenimiento de espacios. Nuestro motor es la calidad y el compromiso, no solo con cada obra, sino con el desarrollo de nuestro pa\u00eds y el bienestar de nuestro equipo y clientes. En [&hellip;]<\/p>\n","protected":false},"author":1,"featured_media":0,"parent":0,"menu_order":0,"comment_status":"closed","ping_status":"closed","template":"","meta":{"site-sidebar-layout":"no-sidebar","site-content-layout":"page-builder","ast-site-content-layout":"full-width-container","site-content-style":"unboxed","site-sidebar-style":"unboxed","ast-global-header-display":"","ast-banner-title-visibility":"","ast-main-header-display":"","ast-hfb-above-header-display":"","ast-hfb-below-header-display":"","ast-hfb-mobile-header-display":"","site-post-title":"disabled","ast-breadcrumbs-content":"","ast-featured-img":"disabled","footer-sml-layout":"","theme-transparent-header-meta":"enabled","adv-header-id-meta":"","stick-header-meta":"","header-above-stick-meta":"","header-main-stick-meta":"","header-below-stick-meta":"","astra-migrate-meta-layouts":"set","ast-page-background-enabled":"default","ast-page-background-meta":{"desktop":{"background-color":"var(--ast-global-color-4)","background-image":"","background-repeat":"repeat","background-position":"center center","background-size":"auto","background-attachment":"scroll","background-type":"","background-media":"","overlay-type":"","overlay-color":"","overlay-opacity":"","overlay-gradient":""},"tablet":{"background-color":"","background-image":"","background-repeat":"repeat","background-position":"center center","background-size":"auto","background-attachment":"scroll","background-type":"","background-media":"","overlay-type":"","overlay-color":"","overlay-opacity":"","overlay-gradient":""},"mobile":{"background-color":"","background-image":"","background-repeat":"repeat","background-position":"center center","background-size":"auto","background-attachment":"scroll","background-type":"","background-media":"","overlay-type":"","overlay-color":"","overlay-opacity":"","overlay-gradient":""}},"ast-content-background-meta":{"desktop":{"background-color":"var(--ast-global-color-5)","background-image":"","background-repeat":"repeat","background-position":"center center","background-size":"auto","background-attachment":"scroll","background-type":"","background-media":"","overlay-type":"","overlay-color":"","overlay-opacity":"","overlay-gradient":""},"tablet":{"background-color":"var(--ast-global-color-5)","background-image":"","background-repeat":"repeat","background-position":"center center","background-size":"auto","background-attachment":"scroll","background-type":"","background-media":"","overlay-type":"","overlay-color":"","overlay-opacity":"","overlay-gradient":""},"mobile":{"background-color":"var(--ast-global-color-5)","background-image":"","background-repeat":"repeat","background-position":"center center","background-size":"auto","background-attachment":"scroll","background-type":"","background-media":"","overlay-type":"","overlay-color":"","overlay-opacity":"","overlay-gradient":""}},"footnotes":""},"class_list":["post-2920","page","type-page","status-publish","hentry"],"_links":{"self":[{"href":"http:\/\/vimsa.solutions\/wordpress\/wp-json\/wp\/v2\/pages\/2920","targetHints":{"allow":["GET"]}}],"collection":[{"href":"http:\/\/vimsa.solutions\/wordpress\/wp-json\/wp\/v2\/pages"}],"about":[{"href":"http:\/\/vimsa.solutions\/wordpress\/wp-json\/wp\/v2\/types\/page"}],"author":[{"embeddable":true,"href":"http:\/\/vimsa.solutions\/wordpress\/wp-json\/wp\/v2\/users\/1"}],"replies":[{"embeddable":true,"href":"http:\/\/vimsa.solutions\/wordpress\/wp-json\/wp\/v2\/comments?post=2920"}],"version-history":[{"count":90,"href":"http:\/\/vimsa.solutions\/wordpress\/wp-json\/wp\/v2\/pages\/2920\/revisions"}],"predecessor-version":[{"id":4184,"href":"http:\/\/vimsa.solutions\/wordpress\/wp-json\/wp\/v2\/pages\/2920\/revisions\/4184"}],"wp:attachment":[{"href":"http:\/\/vimsa.solutions\/wordpress\/wp-json\/wp\/v2\/media?parent=2920"}],"curies":[{"name":"wp","href":"https:\/\/api.w.org\/{rel}","templated":true}]}}